{"id":764,"date":"2021-06-25T20:27:31","date_gmt":"2021-06-25T20:27:31","guid":{"rendered":"https:\/\/reve-provencal.com\/?page_id=764"},"modified":"2025-01-29T15:57:52","modified_gmt":"2025-01-29T15:57:52","slug":"declaration-de-confidentialite","status":"publish","type":"page","link":"https:\/\/reve-provencal.com\/fr\/declaration-de-confidentialite\/","title":{"rendered":"D\u00e9claration de confidentialit\u00e9"},"content":{"rendered":"<p>[et_pb_section fb_built=\u00a0\u00bb1&Prime; admin_label=\u00a0\u00bbHero Section\u00a0\u00bb _builder_version=\u00a0\u00bb4.16&Prime; background_color=\u00a0\u00bbRGBA(0,0,0,0)\u00a0\u00bb background_color_gradient_direction=\u00a0\u00bb90deg\u00a0\u00bb custom_margin=\u00a0\u00bb|||\u00a0\u00bb custom_padding=\u00a0\u00bb1em|0px|2em|0px|false|false\u00a0\u00bb global_colors_info=\u00a0\u00bb{}\u00a0\u00bb][et_pb_row custom_padding_last_edited=\u00a0\u00bboff|desktop\u00a0\u00bb admin_label=\u00a0\u00bbHero Area\u00a0\u00bb _builder_version=\u00a0\u00bb4.16&Prime; custom_padding=\u00a0\u00bb27px|0px|0px|0px\u00a0\u00bb global_colors_info=\u00a0\u00bb{}\u00a0\u00bb][et_pb_column type=\u00a0\u00bb4_4&Prime; _builder_version=\u00a0\u00bb4.16&Prime; custom_padding=\u00a0\u00bb|||\u00a0\u00bb global_colors_info=\u00a0\u00bb{}\u00a0\u00bb custom_padding__hover=\u00a0\u00bb|||\u00a0\u00bb][et_pb_text admin_label=\u00a0\u00bbHero Title\u00a0\u00bb _builder_version=\u00a0\u00bb4.16&Prime; text_font=\u00a0\u00bbPlayfair Display||||||||\u00a0\u00bb header_font=\u00a0\u00bb||||||||\u00a0\u00bb header_text_align=\u00a0\u00bbcenter\u00a0\u00bb header_font_size=\u00a0\u00bb58px\u00a0\u00bb header_line_height=\u00a0\u00bb1.6em\u00a0\u00bb custom_margin=\u00a0\u00bb||0px|\u00a0\u00bb custom_padding=\u00a0\u00bb|||\u00a0\u00bb animation_style=\u00a0\u00bbslide\u00a0\u00bb animation_direction=\u00a0\u00bbleft\u00a0\u00bb animation_intensity_slide=\u00a0\u00bb5%\u00a0\u00bb animation_starting_opacity=\u00a0\u00bb100%\u00a0\u00bb text_font_size_last_edited=\u00a0\u00bboff|desktop\u00a0\u00bb header_font_size_tablet=\u00a0\u00bb\u00a0\u00bb header_font_size_phone=\u00a0\u00bb37px\u00a0\u00bb header_font_size_last_edited=\u00a0\u00bbon|phone\u00a0\u00bb global_colors_info=\u00a0\u00bb{}\u00a0\u00bb]<\/p>\n<h1>D\u00e9claration de confidentialit\u00e9<\/h1>\n<p>[\/et_pb_text][et_pb_text _builder_version=\u00a0\u00bb4.16&Prime; text_font=\u00a0\u00bb||||||||\u00a0\u00bb text_font_size=\u00a0\u00bb18px\u00a0\u00bb text_line_height=\u00a0\u00bb1.8em\u00a0\u00bb header_font=\u00a0\u00bb||||||||\u00a0\u00bb text_orientation=\u00a0\u00bbcenter\u00a0\u00bb custom_margin=\u00a0\u00bb|||\u00a0\u00bb custom_padding=\u00a0\u00bb||10px|\u00a0\u00bb animation_style=\u00a0\u00bbslide\u00a0\u00bb animation_direction=\u00a0\u00bbleft\u00a0\u00bb animation_intensity_slide=\u00a0\u00bb5%\u00a0\u00bb animation_starting_opacity=\u00a0\u00bb100%\u00a0\u00bb global_colors_info=\u00a0\u00bb{}\u00a0\u00bb]<\/p>\n<p>Comment traitons-nous vos donn\u00e9es ?<\/p>\n<p>[\/et_pb_text][\/et_pb_column][\/et_pb_row][\/et_pb_section][et_pb_section fb_built=\u00a0\u00bb1&Prime; _builder_version=\u00a0\u00bb4.16&Prime; _module_preset=\u00a0\u00bbdefault\u00a0\u00bb custom_padding=\u00a0\u00bb0px||||false|false\u00a0\u00bb global_colors_info=\u00a0\u00bb{}\u00a0\u00bb][et_pb_row _builder_version=\u00a0\u00bb4.16&Prime; _module_preset=\u00a0\u00bbdefault\u00a0\u00bb custom_padding=\u00a0\u00bb0px||0px||true|false\u00a0\u00bb global_colors_info=\u00a0\u00bb{}\u00a0\u00bb][et_pb_column type=\u00a0\u00bb4_4&Prime; _builder_version=\u00a0\u00bb4.16&Prime; _module_preset=\u00a0\u00bbdefault\u00a0\u00bb global_colors_info=\u00a0\u00bb{}\u00a0\u00bb][et_pb_text _builder_version=\u00a0\u00bb4.27.4&Prime; _module_preset=\u00a0\u00bbdefault\u00a0\u00bb header_3_font=\u00a0\u00bbMontserrat|700|||||||\u00a0\u00bb header_3_text_color=\u00a0\u00bb#3D423F\u00a0\u00bb header_3_font_size=\u00a0\u00bb20px\u00a0\u00bb header_3_line_height=\u00a0\u00bb1.2em\u00a0\u00bb global_colors_info=\u00a0\u00bb{}\u00a0\u00bb]La SARL Le R\u00eave Proven\u00e7al situ\u00e9e au Quartier Les Trailles, 422 chemin de la Riaille, 26110 Mirabel-aux-Baronnies, est en tant que propri\u00e9taire du R\u00eave Proven\u00e7al responsable du traitement des donn\u00e9es personnelles comme indiqu\u00e9 dans cette d\u00e9claration de confidentialit\u00e9.<\/p>\n<p><strong>D\u00e9tails du contact<\/strong><br \/>\nSARL Le R\u00eave Proven\u00e7al<br \/>\nMargriet Ravensbergen &amp; Erwin Derksen<br \/>\nQuartier Les Trailles<br \/>\n422 chemin de la Riaille<br \/>\n26110 Mirabel-aux-Baronnies<\/p>\n<p>T\u00e9l\u00e9phone : <a href=\"tel:0033678736421\">06 78 73 64 21<\/a><\/p>\n<p>SIRET: 50208658000029<br \/>\nTVA : FR05502086580<\/p>\n<p><a href=\"https:\/\/reve-provencal.com\/fr\/\">Site web<\/a><\/p>\n<p>Margriet Ravensbergen est la d\u00e9l\u00e9gu\u00e9e \u00e0 la protection des donn\u00e9es du R\u00eave Proven\u00e7al. Elle est joignable via <a href=\"mailto:margriet@reve-provencal.com\">margriet@reve-provencal.com<\/a>.<\/p>\n<h3>Que sont les donn\u00e9es personnelles ?<\/h3>\n<p>Toute information avec laquelle vous identifiez une personne. Y est inclus votre adresse e-mail et une adresse IP. C&rsquo;est pourquoi les r\u00e8gles de confidentialit\u00e9 s&rsquo;appliquent \u00e0 la fois aux entreprises et aux consommateurs.<br \/>\nVous trouverez ci-dessous un aper\u00e7u complet de la mani\u00e8re dont Le R\u00eave Proven\u00e7al collecte et stocke les donn\u00e9es personnelles, et pourquoi.<\/p>\n<h3>Traitement des donn\u00e9es personnelles<\/h3>\n<p>Le traitement des donn\u00e9es personnelles est effectu\u00e9 conform\u00e9ment aux exigences du r\u00e8glement g\u00e9n\u00e9ral sur la protection des donn\u00e9es. Pour le site Internet et le fonctionnement du site Internet (https:\/\/reve-provencal.com), on fait appel \u00e0 plusieurs services et plug-ins.<\/p>\n<h3>Quelles donn\u00e9es personnelles traitons-nous ?<\/h3>\n<p>Le R\u00eave Proven\u00e7al traite vos donn\u00e9es personnelles parce que vous utilisez nos services et parce que vous nous fournissez vous-m\u00eame ces donn\u00e9es. Par exemple, lorsque vous vous inscrivez en ligne et remplissez le formulaire de contact, il vous sera demand\u00e9 de renseigner certaines informations. Ce sont les donn\u00e9es suivantes :<\/p>\n<ul>\n<li>Nom<\/li>\n<li>Adresse e-mail<\/li>\n<\/ul>\n<p>Lorsque vous effectuez une r\u00e9servation, nous vous demandons les informations suivantes :<\/p>\n<ul>\n<li>Nom et pr\u00e9nom<\/li>\n<li>Adresse<\/li>\n<li>Num\u00e9ro de t\u00e9l\u00e9phone<\/li>\n<li>Adresse e-mail<\/li>\n<li>Lieu de naissance et date de naissance<\/li>\n<li>Nationalit\u00e9<\/li>\n<li>Dates d&rsquo;arriv\u00e9e et de d\u00e9part<\/li>\n<\/ul>\n<h3>Dans quel but les donn\u00e9es personnelles sont-elles utilis\u00e9es ?<\/h3>\n<p>Le R\u00eave Proven\u00e7al traite vos donn\u00e9es personnelles pour les raisons suivantes :<\/p>\n<h3>Newsletter<\/h3>\n<p>Nous utilisons votre pr\u00e9nom et votre adresse e-mail pour envoyer notre newsletter avec des conseils et des informations sur Le R\u00eave Proven\u00e7al et ses environs.<\/p>\n<h3>Formulaire<\/h3>\n<p>Lorsque vous remplissez le formulaire sur notre site web, votre nom et votre adresse e-mail sont n\u00e9cessaires pour vous envoyer une r\u00e9ponse.<\/p>\n<h3>R\u00e9servations<\/h3>\n<p>Vous avez fourni vos nom et pr\u00e9nom, votre adresse, votre num\u00e9ro de t\u00e9l\u00e9phone et votre adresse e-mail lors de la r\u00e9servation. Nous l&rsquo;utilisons pour vous inscrire sur notre liste d\u2019h\u00f4tes, pour traiter votre r\u00e9servation et pour g\u00e9rer les paiements et la facturation.<\/p>\n<h3>Fiche de police<\/h3>\n<p>Nous avons besoin de vos nom et pr\u00e9nom, coordonn\u00e9es, adresse e-mail, num\u00e9ro de t\u00e9l\u00e9phone, lieu de naissance, date de naissance, nationalit\u00e9 et dates d&rsquo;arriv\u00e9e et de d\u00e9part pour remplir la \u00ab fiche de police \u00bb c&rsquo;est une obligation l\u00e9gale pour tout invit\u00e9 (y compris les enfants) qui n&rsquo;ont pas la nationalit\u00e9 fran\u00e7aise.<\/p>\n<h3>T\u00e9moignages<\/h3>\n<p>Nous pouvons utiliser vos coordonn\u00e9es pour vous inviter par e-mail \u00e0 r\u00e9diger un t\u00e9moignage apr\u00e8s votre s\u00e9jour. Cela peut aider d&rsquo;autres personnes \u00e0 choisir de s\u00e9journer au R\u00eave Proven\u00e7al.<\/p>\n<h3>Comptabilit\u00e9<\/h3>\n<p>Pour notre entreprise, nous devons tenir la comptabilit\u00e9. Pour cela, nous utilisons un programme de comptabilit\u00e9 en ligne. Dans ce programme, nous collectons les factures cr\u00e9\u00e9es apr\u00e8s l&rsquo;ex\u00e9cution du contrat. Ainsi, votre nom et pr\u00e9nom, vos coordonn\u00e9es, votre num\u00e9ro de t\u00e9l\u00e9phone et votre adresse e-mail sont connus de notre logiciel comptable.<\/p>\n<h3>Autorisation<\/h3>\n<p>En fournissant les donn\u00e9es, vous nous autorisez \u00e0 utiliser les donn\u00e9es aux fins susmentionn\u00e9es. De plus, certaines de ces donn\u00e9es sont n\u00e9cessaires \u00e0 l&rsquo;ex\u00e9cution des r\u00e9servations.<\/p>\n<p>Pour traiter les donn\u00e9es telles que d\u00e9crites ci-dessus, nous nous appuyons sur les bases juridiques suivantes :<\/p>\n<p><strong>Ex\u00e9cution d&rsquo;un contrat<\/strong> : L&rsquo;utilisation des donn\u00e9es est n\u00e9cessaire \u00e0 l&rsquo;ex\u00e9cution de l&rsquo;accord conclu avec vous.<\/p>\n<p><strong>Obligation l\u00e9gale<\/strong> : L&rsquo;utilisation de vos donn\u00e9es est n\u00e9cessaire au respect des obligations l\u00e9gales en vertu de la loi fiscale.<\/p>\n<p><strong>Consentement<\/strong>: Nous vous demandons la permission d&rsquo;envoyer la newsletter. Vous pouvez toujours retirer cette autorisation.<br \/>\nNous demanderons \u00e9galement l&rsquo;autorisation de traiter les donn\u00e9es des enfants.<\/p>\n<p><strong>Int\u00e9r\u00eat l\u00e9gitime<\/strong> : Pour am\u00e9liorer et promouvoir le contenu de notre site web et pour envoyer du marketing direct \u00e0 des clients potentiels, nous avons un int\u00e9r\u00eat l\u00e9gitime. Avec toute forme de marketing direct qui sera envoy\u00e9e, nous ferons un compromis entre nos int\u00e9r\u00eats marketing et les dommages caus\u00e9s \u00e0 votre vie priv\u00e9e.<\/p>\n<h3>P\u00e9riode de conservation<\/h3>\n<p>Le R\u00eave Proven\u00e7al ne conserve pas vos donn\u00e9es personnelles plus longtemps que n\u00e9cessaire au regard de la finalit\u00e9 pour laquelle elles ont \u00e9t\u00e9 re\u00e7ues.<\/p>\n<p>Si vous ne souhaitez plus recevoir nos newsletters, vous pouvez vous d\u00e9sinscrire. Cela peut \u00eatre fait au bas de chaque newsletter. Nous ne vous enverrons alors plus d&rsquo;e-mail.<\/p>\n<p>Les factures contenant vos donn\u00e9es ont une dur\u00e9e de conservation conform\u00e9ment aux obligations l\u00e9gales.<\/p>\n<p>Si vous \u00eates sur notre liste d&rsquo;invit\u00e9s, nous conserverons ces informations aussi longtemps que Le R\u00eave Proven\u00e7al existera \u00e9galement.<\/p>\n<h3>Avec qui partageons-nous vos donn\u00e9es personnelles ?<\/h3>\n<p>Le R\u00eave Proven\u00e7al ne vend pas vos donn\u00e9es aux tiers et ne les fournira que si cela est n\u00e9cessaire \u00e0 l&rsquo;ex\u00e9cution de notre accord avec vous ou au respect d&rsquo;une obligation l\u00e9gale. Le R\u00eave Proven\u00e7al reste responsable de ces traitements.<\/p>\n<h3>S\u00e9curit\u00e9 des donn\u00e9es personnelles<\/h3>\n<p>Nous avons pris des mesures techniques appropri\u00e9es pour prot\u00e9ger les donn\u00e9es personnelles contre la perte ou d&rsquo;autres formes de traitement ill\u00e9gal. Ces mesures, y compris le cryptage via un certificat SSL, garantissent un niveau de s\u00e9curit\u00e9 correspondant aux donn\u00e9es que nous traitons.<\/p>\n<p>Le R\u00eave Proven\u00e7al, nous-m\u00eames et notre prestataire de l\u2019h\u00e9bergement mettons tout en \u0153uvre pour assurer la s\u00e9curit\u00e9 des donn\u00e9es personnelles.<\/p>\n<p>Si vous pensez que vos donn\u00e9es ne sont pas correctement s\u00e9curis\u00e9es ou s&rsquo;il y a des indications d&rsquo;utilisation abusive, veuillez nous contacter.<\/p>\n<h3>Cookies<\/h3>\n<p>Les cookies sont utilis\u00e9s pour le meilleur fonctionnement possible de ce site web.<\/p>\n<h3>Que sont les cookies ?<\/h3>\n<p>Un cookie est un petit fichier qui est envoy\u00e9 par notre site web et plac\u00e9 par votre navigateur sur l&rsquo;appareil avec lequel vous visitez notre site web. Les informations stock\u00e9es dans le cookie peuvent \u00eatre renvoy\u00e9es \u00e0 notre site web lorsque vous visitez \u00e0 nouveau le site web. Vous trouverez plus d&rsquo;informations sur les cookies sur <a href=\"https:\/\/nl.wikipedia.org\/wiki\/Cookie_(internet)\" target=\"_blank\" rel=\"noopener\">Wikipedia<\/a>.<\/p>\n<h3>Google Analytics<\/h3>\n<p>Parce que nous aimerions savoir comment nos visiteurs utilisent le site web, afin d&rsquo;am\u00e9liorer l&rsquo;utilisation du site web, nous utilisons Google Analytics. Des cookies analytiques de Google sont donc d\u00e9pos\u00e9s via ce site Internet. Les informations que Google re\u00e7oit du cookie sont analys\u00e9es. Ces informations sont rendues anonymes autant que possible. Google ne partagera les informations obtenues avec des tiers que s&rsquo;ils y sont l\u00e9galement tenus ou dans la mesure o\u00f9 des tiers traitent les informations pour le compte de Google. Google n&rsquo;a pas re\u00e7u l&rsquo;autorisation de notre part d&rsquo;utiliser des informations pour d&rsquo;autres services Google. Google est une soci\u00e9t\u00e9 am\u00e9ricaine et stocke les informations qu&rsquo;elle collecte sur des serveurs am\u00e9ricains. Pour plus d&rsquo;informations sur la politique de Google Analytics, consultez le site web de <a href=\"https:\/\/policies.google.com\/privacy?hl=nl-FR&amp;fg=1\" target=\"_blank\" rel=\"noopener\">Google<\/a>.<\/p>\n<h3>Newsletter<\/h3>\n<p>Nous travaillons avec Laposta pour l&rsquo;envoi de newsletters. Des cookies sont \u00e9galement utilis\u00e9s pour cela. Votre nom et votre adresse e-mail sont stock\u00e9s sur les serveurs de ce fournisseur de messagerie. V\u00e9rifiez aupr\u00e8s de <a href=\"https:\/\/laposta.nl\/privacy-statement\" target=\"_blank\" rel=\"noopener\">Laposta<\/a> comment g\u00e9rer la confidentialit\u00e9 de vos donn\u00e9es.<\/p>\n<h3>Liens<\/h3>\n<p>Sur notre site web, vous trouverez des liens vers des sites web externes. En cliquant sur un lien, vous serez redirig\u00e9 vers un site web en dehors du R\u00eave Proven\u00e7al. Ces sites web externes peuvent utiliser des cookies. Nous souhaitons vous r\u00e9f\u00e9rer au cookie ou \u00e0 la d\u00e9claration de confidentialit\u00e9 du site web concern\u00e9.<\/p>\n<h3>D\u00e9sactiver et supprimer<\/h3>\n<p>Voulez-vous d\u00e9sactiver ou supprimer les cookies ? Vous pouvez le faire via les param\u00e8tres de votre navigateur. Si n\u00e9cessaire, utilisez la fonction d&rsquo;aide de votre navigateur pour savoir comment proc\u00e9der.<\/p>\n<h3>Consulter, modifier ou supprimer vos donn\u00e9es<\/h3>\n<p>Vous avez toujours le droit de retirer votre consentement au traitement de vos donn\u00e9es, apr\u00e8s quoi nous ne traiterons plus vos donn\u00e9es. Le retrait de ce consentement n&rsquo;affecte pas la lic\u00e9it\u00e9 de notre traitement de donn\u00e9es bas\u00e9 sur votre consentement, qui a eu lieu avant ce retrait.<\/p>\n<p>Vous disposez \u00e9galement d&rsquo;un droit d&rsquo;acc\u00e8s \u00e0 vos donn\u00e9es personnelles et d&rsquo;un droit de rectification de vos donn\u00e9es personnelles. Si vous souhaitez savoir quelles donn\u00e9es personnelles nous traitons \u00e0 votre sujet, vous pouvez soumettre une demande \u00e9crite d&rsquo;acc\u00e8s. Si vos donn\u00e9es sont incorrectes, incompl\u00e8tes ou non pertinentes, vous pouvez nous demander par \u00e9crit de modifier ou de compl\u00e9ter vos donn\u00e9es.<\/p>\n<p>En outre, vous disposez d&rsquo;un droit d&rsquo;effacement de vos donn\u00e9es personnelles, d&rsquo;un droit de restreindre le traitement et d&rsquo;un droit de vous opposer au traitement. En outre, vous avez le droit de transf\u00e9rer ou de rendre vos donn\u00e9es transf\u00e9rables. Vous pouvez \u00e9galement soumettre une demande \u00e9crite \u00e0 cet effet.<\/p>\n<p>Nous traiterons votre demande dans les plus brefs d\u00e9lais, mais dans un d\u00e9lai de 4 semaines. \u00c9crit comprend \u00e9galement un e-mail. Vous pouvez nous envoyer votre demande par mail \u00e0 <a href=\"mailto:margriet@reve-provencal.com\">margriet@reve-provencal.com <\/a><\/p>\n<h3>R\u00e9clamations<\/h3>\n<p>Vous avez une r\u00e9clamation concernant le traitement de vos donn\u00e9es personnelles ? Vous pouvez d\u00e9poser une r\u00e9clamation \u00e0 ce sujet aupr\u00e8s du contr\u00f4leur de la <a href=\"https:\/\/www.cnil.fr\/\" target=\"_blank\" rel=\"noopener\">Commission Nationale de l&rsquo;Informatique et des Libert\u00e9s<\/a>.<\/p>\n<h3>Changements<\/h3>\n<p>Nous devrons peut-\u00eatre modifier notre d\u00e9claration de confidentialit\u00e9, par exemple, parce que nous avons commenc\u00e9 \u00e0 utiliser une m\u00e9thode diff\u00e9rente. Nous publierons toujours la nouvelle d\u00e9claration de confidentialit\u00e9 sur notre site Web. Si les changements vous affectent directement, nous vous communiquerons \u00e9galement les changements directement.[\/et_pb_text][\/et_pb_column][\/et_pb_row][\/et_pb_section]<\/p>\n","protected":false},"excerpt":{"rendered":"<p>D\u00e9claration de confidentialit\u00e9Comment traitons-nous vos donn\u00e9es ?La SARL Le R\u00eave Proven\u00e7al situ\u00e9e au Quartier Les Trailles, 422 chemin de la Riaille, 26110 Mirabel-aux-Baronnies, est en tant que propri\u00e9taire du R\u00eave Proven\u00e7al responsable du traitement des donn\u00e9es personnelles comme indiqu\u00e9 dans cette d\u00e9claration de confidentialit\u00e9. D\u00e9tails du contact SARL Le R\u00eave Proven\u00e7al Margriet Ravensbergen &amp; Erwin [&hellip;]<\/p>\n","protected":false},"author":1,"featured_media":0,"parent":0,"menu_order":0,"comment_status":"closed","ping_status":"closed","template":"","meta":{"_et_pb_use_builder":"on","_et_pb_old_content":"","_et_gb_content_width":"","footnotes":""},"class_list":["post-764","page","type-page","status-publish","hentry"],"_links":{"self":[{"href":"https:\/\/reve-provencal.com\/fr\/wp-json\/wp\/v2\/pages\/764","targetHints":{"allow":["GET"]}}],"collection":[{"href":"https:\/\/reve-provencal.com\/fr\/wp-json\/wp\/v2\/pages"}],"about":[{"href":"https:\/\/reve-provencal.com\/fr\/wp-json\/wp\/v2\/types\/page"}],"author":[{"embeddable":true,"href":"https:\/\/reve-provencal.com\/fr\/wp-json\/wp\/v2\/users\/1"}],"replies":[{"embeddable":true,"href":"https:\/\/reve-provencal.com\/fr\/wp-json\/wp\/v2\/comments?post=764"}],"version-history":[{"count":14,"href":"https:\/\/reve-provencal.com\/fr\/wp-json\/wp\/v2\/pages\/764\/revisions"}],"predecessor-version":[{"id":4345,"href":"https:\/\/reve-provencal.com\/fr\/wp-json\/wp\/v2\/pages\/764\/revisions\/4345"}],"wp:attachment":[{"href":"https:\/\/reve-provencal.com\/fr\/wp-json\/wp\/v2\/media?parent=764"}],"curies":[{"name":"wp","href":"https:\/\/api.w.org\/{rel}","templated":true}]}}